{"id":4796,"date":"2022-02-10T02:24:40","date_gmt":"2022-02-10T02:24:40","guid":{"rendered":"https:\/\/themost.com.tr\/the-most-nisantasi-2\/"},"modified":"2022-02-21T16:45:58","modified_gmt":"2022-02-21T16:45:58","slug":"the-most-nisantasi-2","status":"publish","type":"page","link":"https:\/\/tmhairdesign.com\/en\/the-most-nisantasi-2\/","title":{"rendered":"TM Ni\u015fanta\u015f\u0131"},"content":{"rendered":"<p>[vc_row][vc_column][vc_empty_space][vc_custom_heading text=&#8221;<strong>TM<\/strong> N\u0130\u015eANTA\u015eI&#8221; font_container=&#8221;tag:h2|text_align:center|color:%232b2b2b&#8221; use_theme_fonts=&#8221;yes&#8221;][vc_empty_space][vc_separator][\/vc_column][\/vc_row][vc_row][vc_column width=&#8221;1\/4&#8243;][vc_empty_space][vc_single_image image=&#8221;4783&#8243; img_size=&#8221;medium&#8221; alignment=&#8221;center&#8221;][vc_column_text]<\/p>\n<p style=\"text-align: center;\"><span style=\"color: #000000;\"><strong>Cihan \u00c7akar<\/strong><em><br \/>\nHair Artist \/ Manager of TM Ni\u015fanta\u015f\u0131<\/em><\/span><\/p>\n<p>[\/vc_column_text][vc_icon type=&#8221;fontawesome&#8221; icon_fontawesome=&#8221;fa fa-instagram&#8221; align=&#8221;center&#8221; link=&#8221;url:https%3A%2F%2Fwww.instagram.com%2Fcihancakarvip%2F||target:%20_blank|&#8221;][\/vc_column][vc_column width=&#8221;1\/4&#8243;][vc_empty_space][vc_single_image image=&#8221;4781&#8243; img_size=&#8221;medium&#8221; alignment=&#8221;center&#8221;][vc_column_text]<\/p>\n<p style=\"text-align: center;\"><span style=\"color: #000000;\"><strong>Orkun Baykut<\/strong><em><br \/>\nHair Artist \/ Manager of TM Ni\u015fanta\u015f\u0131<\/em><\/span><\/p>\n<p>[\/vc_column_text][vc_icon type=&#8221;fontawesome&#8221; icon_fontawesome=&#8221;fa fa-instagram&#8221; align=&#8221;center&#8221; link=&#8221;url:https%3A%2F%2Fwww.instagram.com%2Forkunbaykut%2F||target:%20_blank|&#8221;][\/vc_column][vc_column width=&#8221;1\/4&#8243;][\/vc_column][vc_column width=&#8221;1\/4&#8243;][\/vc_column][\/vc_row][vc_row][vc_column width=&#8221;1\/2&#8243;][vc_video link=&#8221;https:\/\/streamable.com\/5u0dpo&#8221;][vc_empty_space][vc_custom_heading text=&#8221;CONTACT&#8221; font_container=&#8221;tag:h2|text_align:left|color:%232b2b2b&#8221; use_theme_fonts=&#8221;yes&#8221;][vc_empty_space][vc_column_text]<span style=\"color: #000000;\">0212 224 41 24<\/span><\/p>\n<p><span style=\"color: #000000;\">+90 541 325 98 50<\/span><\/p>\n<p><span style=\"color: #000000;\"><a style=\"color: #000000;\" href=\"malito:nisantasi@tmhairdesign.com\">nisantasi@tmhairdesign.com<\/a><\/span><\/p>\n<p>Halaskargazi Mah. Vali Kona\u011f\u0131 Cad. Ak\u00e7aabat Apt. No:27-A \u015ei\u015fli \/ \u0130STANBUL[\/vc_column_text][vc_separator][vc_empty_space][\/vc_column][vc_column width=&#8221;1\/2&#8243;][vc_single_image image=&#8221;4764&#8243; img_size=&#8221;full&#8221;][vc_empty_space][vc_custom_heading text=&#8221;<strong>TM<\/strong> SERVICES MENU&#8221; font_container=&#8221;tag:h2|text_align:left|color:%232b2b2b&#8221; use_theme_fonts=&#8221;yes&#8221;][vc_empty_space][lab_button title=&#8221;DISCOVER&#8221; type=&#8221;outlined-bg&#8221; button_bg=&#8221;btn-black&#8221; link=&#8221;url:https%3A%2F%2Ftmhairdesign.com%2Fen%2Fthe-most-price-list%2F|||&#8221;][\/vc_column][\/vc_row][vc_row disable_element=&#8221;yes&#8221;][vc_column][vc_custom_heading text=&#8221;N\u0130\u015eANTA\u015eI EK\u0130B\u0130&#8221; font_container=&#8221;tag:h2|text_align:left|color:%232b2b2b&#8221; use_theme_fonts=&#8221;yes&#8221;][vc_empty_space][vc_row_inner][vc_column_inner width=&#8221;1\/4&#8243;][vc_custom_heading text=&#8221;Azad<br \/>\nAcay&#8221; use_theme_fonts=&#8221;yes&#8221;][vc_single_image image=&#8221;4297&#8243; img_size=&#8221;large&#8221;][\/vc_column_inner][vc_column_inner width=&#8221;1\/4&#8243;][vc_custom_heading text=&#8221;Ceren<br \/>\nY\u0131ld\u0131r\u0131m&#8221; use_theme_fonts=&#8221;yes&#8221;][vc_single_image image=&#8221;4295&#8243; img_size=&#8221;large&#8221;][\/vc_column_inner][vc_column_inner width=&#8221;1\/4&#8243;][vc_custom_heading text=&#8221;C\u0327ag\u0306lar An\u0131l<br \/>\nYes\u0327ildag\u0306&#8221; use_theme_fonts=&#8221;yes&#8221;][vc_single_image image=&#8221;4293&#8243; img_size=&#8221;large&#8221;][\/vc_column_inner][vc_column_inner width=&#8221;1\/4&#8243;][vc_custom_heading text=&#8221;Delalo<br \/>\nHu\u0308seyin&#8221; use_theme_fonts=&#8221;yes&#8221;][vc_single_image image=&#8221;4292&#8243; img_size=&#8221;large&#8221;][\/vc_column_inner][\/vc_row_inner][vc_row_inner][vc_column_inner width=&#8221;1\/4&#8243;][vc_custom_heading text=&#8221;Emrah<br \/>\nY\u0131ld\u0131r\u0131m&#8221; use_theme_fonts=&#8221;yes&#8221;][vc_single_image image=&#8221;4469&#8243; img_size=&#8221;large&#8221;][\/vc_column_inner][vc_column_inner width=&#8221;1\/4&#8243;][vc_custom_heading text=&#8221;Gu\u0308rkan<br \/>\nAlbayrak&#8221; use_theme_fonts=&#8221;yes&#8221;][vc_single_image image=&#8221;4287&#8243; img_size=&#8221;large&#8221;][\/vc_column_inner][vc_column_inner width=&#8221;1\/4&#8243;][vc_custom_heading text=&#8221;Hasan<br \/>\nTas\u0327s\u0131n&#8221; use_theme_fonts=&#8221;yes&#8221;][vc_single_image image=&#8221;4286&#8243; img_size=&#8221;large&#8221;][\/vc_column_inner][vc_column_inner width=&#8221;1\/4&#8243;][vc_custom_heading text=&#8221;Kader<br \/>\nYaman&#8221; use_theme_fonts=&#8221;yes&#8221;][vc_single_image image=&#8221;4284&#8243; img_size=&#8221;large&#8221;][\/vc_column_inner][\/vc_row_inner][vc_row_inner][vc_column_inner width=&#8221;1\/4&#8243;][vc_custom_heading text=&#8221;Mehmet<br \/>\nS\u0327ahin&#8221; use_theme_fonts=&#8221;yes&#8221;][vc_single_image image=&#8221;4282&#8243; img_size=&#8221;large&#8221;][\/vc_column_inner][vc_column_inner width=&#8221;1\/4&#8243;][vc_custom_heading text=&#8221;Murat<br \/>\nGu\u0308ndu\u0308z&#8221; use_theme_fonts=&#8221;yes&#8221;][vc_single_image image=&#8221;4280&#8243; img_size=&#8221;large&#8221;][\/vc_column_inner][vc_column_inner width=&#8221;1\/4&#8243;][vc_custom_heading text=&#8221;Mustafa<br \/>\nAnsari&#8221; use_theme_fonts=&#8221;yes&#8221;][vc_single_image image=&#8221;4279&#8243; img_size=&#8221;large&#8221;][\/vc_column_inner][vc_column_inner width=&#8221;1\/4&#8243;][vc_custom_heading text=&#8221;R\u0131za<br \/>\nDemir&#8221; use_theme_fonts=&#8221;yes&#8221;][vc_single_image image=&#8221;4276&#8243; img_size=&#8221;large&#8221;][\/vc_column_inner][\/vc_row_inner][vc_row_inner][vc_column_inner width=&#8221;1\/4&#8243;][vc_custom_heading text=&#8221;Sabri<br \/>\nAbic\u0327&#8221; use_theme_fonts=&#8221;yes&#8221;][vc_single_image image=&#8221;4275&#8243; img_size=&#8221;large&#8221;][\/vc_column_inner][vc_column_inner width=&#8221;1\/4&#8243;][vc_custom_heading text=&#8221;Salih<br \/>\nTunbul&#8221; use_theme_fonts=&#8221;yes&#8221;][vc_single_image image=&#8221;4274&#8243; img_size=&#8221;large&#8221;][\/vc_column_inner][vc_column_inner width=&#8221;1\/4&#8243;][vc_custom_heading text=&#8221;Sinan<br \/>\nDo\u0308nmezer&#8221; use_theme_fonts=&#8221;yes&#8221;][vc_single_image image=&#8221;4272&#8243; img_size=&#8221;large&#8221;][\/vc_column_inner][vc_column_inner width=&#8221;1\/4&#8243;][vc_custom_heading text=&#8221;Sinan<br \/>\nKahraman&#8221; use_theme_fonts=&#8221;yes&#8221;][vc_single_image image=&#8221;4271&#8243; img_size=&#8221;large&#8221;][\/vc_column_inner][\/vc_row_inner][vc_row_inner][vc_column_inner width=&#8221;1\/4&#8243;][vc_custom_heading text=&#8221;U\u011fur<br \/>\nAsutay&#8221; use_theme_fonts=&#8221;yes&#8221;][vc_single_image image=&#8221;4468&#8243; img_size=&#8221;large&#8221;][\/vc_column_inner][vc_column_inner width=&#8221;1\/4&#8243;][\/vc_column_inner][vc_column_inner width=&#8221;1\/4&#8243;][\/vc_column_inner][vc_column_inner width=&#8221;1\/4&#8243;][\/vc_column_inner][\/vc_row_inner][\/vc_column][\/vc_row]<\/p>\n","protected":false},"excerpt":{"rendered":"<p>[vc_row][vc_column][vc_empty_space][vc_custom_heading text=&#8221;TM N\u0130\u015eANTA\u015eI&#8221; font_container=&#8221;tag:h2|text_align:center|color:%232b2b2b&#8221; use_theme_fonts=&#8221;yes&#8221;][vc_empty_space][vc_separator][\/vc_column][\/vc_row][vc_row][vc_column width=&#8221;1\/4&#8243;][vc_empty_space][vc_single_image image=&#8221;4783&#8243; img_size=&#8221;medium&#8221; alignment=&#8221;center&#8221;][vc_column_text] Cihan \u00c7akar Hair Artist \/ Manager of TM Ni\u015fanta\u015f\u0131 [\/vc_column_text][vc_icon type=&#8221;fontawesome&#8221; icon_fontawesome=&#8221;fa fa-instagram&#8221; align=&#8221;center&#8221; link=&#8221;url:https%3A%2F%2Fwww.instagram.com%2Fcihancakarvip%2F||target:%20_blank|&#8221;][\/vc_column][vc_column width=&#8221;1\/4&#8243;][vc_empty_space][vc_single_image image=&#8221;4781&#8243; img_size=&#8221;medium&#8221; alignment=&#8221;center&#8221;][vc_column_text] Orkun Baykut Hair Artist \/ Manager of TM Ni\u015fanta\u015f\u0131 [\/vc_column_text][vc_icon type=&#8221;fontawesome&#8221; icon_fontawesome=&#8221;fa fa-instagram&#8221; align=&#8221;center&#8221; link=&#8221;url:https%3A%2F%2Fwww.instagram.com%2Forkunbaykut%2F||target:%20_blank|&#8221;][\/vc_column][vc_column width=&#8221;1\/4&#8243;][\/vc_column][vc_column width=&#8221;1\/4&#8243;][\/vc_column][\/vc_row][vc_row][vc_column width=&#8221;1\/2&#8243;][vc_video link=&#8221;https:\/\/streamable.com\/5u0dpo&#8221;][vc_empty_space][vc_custom_heading text=&#8221;CONTACT&#8221; font_container=&#8221;tag:h2|text_align:left|color:%232b2b2b&#8221; use_theme_fonts=&#8221;yes&#8221;][vc_empty_space][vc_column_text]0212 224 41 24 +90 541&hellip;<\/p>\n","protected":false},"author":1,"featured_media":0,"parent":0,"menu_order":0,"comment_status":"closed","ping_status":"closed","template":"","meta":{"footnotes":"","_joinchat":[]},"_links":{"self":[{"href":"https:\/\/tmhairdesign.com\/en\/wp-json\/wp\/v2\/pages\/4796\/"}],"collection":[{"href":"https:\/\/tmhairdesign.com\/en\/wp-json\/wp\/v2\/pages\/"}],"about":[{"href":"https:\/\/tmhairdesign.com\/en\/wp-json\/wp\/v2\/types\/page\/"}],"author":[{"embeddable":true,"href":"https:\/\/tmhairdesign.com\/en\/wp-json\/wp\/v2\/users\/1\/"}],"replies":[{"embeddable":true,"href":"https:\/\/tmhairdesign.com\/en\/wp-json\/wp\/v2\/comments\/?post=4796"}],"version-history":[{"count":4,"href":"https:\/\/tmhairdesign.com\/en\/wp-json\/wp\/v2\/pages\/4796\/revisions\/"}],"predecessor-version":[{"id":5003,"href":"https:\/\/tmhairdesign.com\/en\/wp-json\/wp\/v2\/pages\/4796\/revisions\/5003\/"}],"wp:attachment":[{"href":"https:\/\/tmhairdesign.com\/en\/wp-json\/wp\/v2\/media\/?parent=4796"}],"curies":[{"name":"wp","href":"https:\/\/api.w.org\/{rel}","templated":true}]}}