{"id":5028,"date":"2021-03-25T23:19:21","date_gmt":"2021-03-25T23:19:21","guid":{"rendered":"https:\/\/themost.com.tr\/the-most-baku\/"},"modified":"2022-02-22T09:20:19","modified_gmt":"2022-02-22T09:20:19","slug":"the-most-baku","status":"publish","type":"page","link":"https:\/\/tmhairdesign.com\/en\/the-most-baku\/","title":{"rendered":"TM Baku"},"content":{"rendered":"<p>[vc_row][vc_column][vc_empty_space][vc_custom_heading text=&#8221;<strong>TM<\/strong> BAKU&#8221; font_container=&#8221;tag:h2|text_align:center|color:%232b2b2b&#8221; use_theme_fonts=&#8221;yes&#8221;][vc_empty_space][vc_separator][\/vc_column][\/vc_row][vc_row][vc_column width=&#8221;1\/2&#8243;][vc_empty_space][vc_single_image image=&#8221;4501&#8243; img_size=&#8221;full&#8221; alignment=&#8221;center&#8221;][vc_icon type=&#8221;fontawesome&#8221; icon_fontawesome=&#8221;fa fa-instagram&#8221; align=&#8221;center&#8221; link=&#8221;url:https%3A%2F%2Fwww.instagram.com%2Fthemostbaku%2F||target:%20_blank|&#8221;][vc_empty_space][\/vc_column][vc_column width=&#8221;1\/2&#8243;][\/vc_column][\/vc_row][vc_row][vc_column width=&#8221;1\/2&#8243;][vc_single_image image=&#8221;4501&#8243; img_size=&#8221;full&#8221; alignment=&#8221;center&#8221;][vc_empty_space][vc_custom_heading text=&#8221;CONTACT&#8221; font_container=&#8221;tag:h2|text_align:left|color:%230a0a0a&#8221; use_theme_fonts=&#8221;yes&#8221;][vc_empty_space][vc_column_text]<\/p>\n<div class=\"wpb_text_column wpb_content_element \">\n<div class=\"wpb_wrapper\">\n<p>+994(50)252 22 44<\/p>\n<p>\u2013<\/p>\n<p><a href=\"mailto:baku@tmhairdesign.com\">baku@tmhairdesign.com<\/a><\/p>\n<p>Yasamal Rayonu Zahid Xelilov K\u00fc\u00e7esi 576-c\u0131 Mehelle, 1 Sayl\u0131 Bina, 1. Mertebe Baku \/ AZERBAYCAN<\/p>\n<\/div>\n<\/div>\n<p>[\/vc_column_text][vc_empty_space][vc_separator][vc_empty_space][\/vc_column][vc_column width=&#8221;1\/2&#8243;][vc_single_image image=&#8221;4764&#8243; img_size=&#8221;full&#8221;][vc_empty_space][vc_custom_heading text=&#8221;<strong>TM<\/strong> SERVICES MENU&#8221; font_container=&#8221;tag:h2|text_align:left|color:%230a0a0a&#8221; use_theme_fonts=&#8221;yes&#8221;][vc_empty_space][lab_button title=&#8221;\u0130NCELE&#8221; type=&#8221;outlined-bg&#8221; button_bg=&#8221;btn-black&#8221; link=&#8221;url:https%3A%2F%2Ftmhairdesign.com%2Fen%2Fthe-most-price-list%2F|||&#8221;][vc_empty_space][\/vc_column][\/vc_row]<\/p>\n","protected":false},"excerpt":{"rendered":"<p>[vc_row][vc_column][vc_empty_space][vc_custom_heading text=&#8221;TM BAKU&#8221; font_container=&#8221;tag:h2|text_align:center|color:%232b2b2b&#8221; use_theme_fonts=&#8221;yes&#8221;][vc_empty_space][vc_separator][\/vc_column][\/vc_row][vc_row][vc_column width=&#8221;1\/2&#8243;][vc_empty_space][vc_single_image image=&#8221;4501&#8243; img_size=&#8221;full&#8221; alignment=&#8221;center&#8221;][vc_icon type=&#8221;fontawesome&#8221; icon_fontawesome=&#8221;fa fa-instagram&#8221; align=&#8221;center&#8221; link=&#8221;url:https%3A%2F%2Fwww.instagram.com%2Fthemostbaku%2F||target:%20_blank|&#8221;][vc_empty_space][\/vc_column][vc_column width=&#8221;1\/2&#8243;][\/vc_column][\/vc_row][vc_row][vc_column width=&#8221;1\/2&#8243;][vc_single_image image=&#8221;4501&#8243; img_size=&#8221;full&#8221; alignment=&#8221;center&#8221;][vc_empty_space][vc_custom_heading text=&#8221;CONTACT&#8221; font_container=&#8221;tag:h2|text_align:left|color:%230a0a0a&#8221; use_theme_fonts=&#8221;yes&#8221;][vc_empty_space][vc_column_text] +994(50)252 22 44 \u2013 baku@tmhairdesign.com Yasamal Rayonu Zahid Xelilov K\u00fc\u00e7esi 576-c\u0131 Mehelle, 1 Sayl\u0131 Bina, 1. Mertebe Baku \/ AZERBAYCAN [\/vc_column_text][vc_empty_space][vc_separator][vc_empty_space][\/vc_column][vc_column width=&#8221;1\/2&#8243;][vc_single_image image=&#8221;4764&#8243; img_size=&#8221;full&#8221;][vc_empty_space][vc_custom_heading text=&#8221;TM SERVICES MENU&#8221; font_container=&#8221;tag:h2|text_align:left|color:%230a0a0a&#8221; use_theme_fonts=&#8221;yes&#8221;][vc_empty_space][lab_button title=&#8221;\u0130NCELE&#8221; type=&#8221;outlined-bg&#8221; button_bg=&#8221;btn-black&#8221; link=&#8221;url:https%3A%2F%2Ftmhairdesign.com%2Fen%2Fthe-most-price-list%2F|||&#8221;][vc_empty_space][\/vc_column][\/vc_row]<\/p>\n","protected":false},"author":1,"featured_media":0,"parent":0,"menu_order":0,"comment_status":"closed","ping_status":"closed","template":"","meta":{"footnotes":"","_joinchat":[]},"_links":{"self":[{"href":"https:\/\/tmhairdesign.com\/en\/wp-json\/wp\/v2\/pages\/5028\/"}],"collection":[{"href":"https:\/\/tmhairdesign.com\/en\/wp-json\/wp\/v2\/pages\/"}],"about":[{"href":"https:\/\/tmhairdesign.com\/en\/wp-json\/wp\/v2\/types\/page\/"}],"author":[{"embeddable":true,"href":"https:\/\/tmhairdesign.com\/en\/wp-json\/wp\/v2\/users\/1\/"}],"replies":[{"embeddable":true,"href":"https:\/\/tmhairdesign.com\/en\/wp-json\/wp\/v2\/comments\/?post=5028"}],"version-history":[{"count":1,"href":"https:\/\/tmhairdesign.com\/en\/wp-json\/wp\/v2\/pages\/5028\/revisions\/"}],"predecessor-version":[{"id":5029,"href":"https:\/\/tmhairdesign.com\/en\/wp-json\/wp\/v2\/pages\/5028\/revisions\/5029\/"}],"wp:attachment":[{"href":"https:\/\/tmhairdesign.com\/en\/wp-json\/wp\/v2\/media\/?parent=5028"}],"curies":[{"name":"wp","href":"https:\/\/api.w.org\/{rel}","templated":true}]}}