{"id":5350,"date":"2023-03-10T13:56:44","date_gmt":"2023-03-10T13:56:44","guid":{"rendered":"https:\/\/themost.com.tr\/the-most-gokturk\/"},"modified":"2023-03-10T14:02:24","modified_gmt":"2023-03-10T14:02:24","slug":"the-most-gokturk","status":"publish","type":"page","link":"https:\/\/tmhairdesign.com\/en\/the-most-gokturk\/","title":{"rendered":"TM G\u00f6kt\u00fcrk"},"content":{"rendered":"<p>[vc_row][vc_column][vc_empty_space][vc_custom_heading text=&#8221;<strong>TM<\/strong> G\u00d6KT\u00dcRK&#8221; font_container=&#8221;tag:h2|text_align:center|color:%232b2b2b&#8221; use_theme_fonts=&#8221;yes&#8221;][vc_empty_space][vc_separator][\/vc_column][\/vc_row][vc_row disable_element=&#8221;yes&#8221;][vc_column width=&#8221;1\/4&#8243;][vc_empty_space][vc_single_image image=&#8221;5004&#8243; img_size=&#8221;medium&#8221; alignment=&#8221;center&#8221;][vc_column_text]<\/p>\n<p style=\"text-align: center;\"><strong><span style=\"color: #000000;\">\u00c7a\u011flar Yurga<br \/>\n<\/span><\/strong><span style=\"color: #000000;\"><em>Sa\u00e7 Sanat\u00e7\u0131s\u0131 \/ TM \u0130zmir Bostanl\u0131 Sorumlusu<\/em><\/span><\/p>\n<p>[\/vc_column_text][vc_icon type=&#8221;fontawesome&#8221; icon_fontawesome=&#8221;fa fa-instagram&#8221; size=&#8221;sm&#8221; align=&#8221;center&#8221; link=&#8221;url:https%3A%2F%2Fwww.instagram.com%2Fcaglaryurgaofficial%2F||target:%20_blank|&#8221;][vc_empty_space][\/vc_column][vc_column width=&#8221;1\/4&#8243;][\/vc_column][vc_column width=&#8221;1\/4&#8243;][\/vc_column][vc_column width=&#8221;1\/4&#8243;][\/vc_column][\/vc_row][vc_row][vc_column width=&#8221;1\/2&#8243;][vc_single_image image=&#8221;5310&#8243; img_size=&#8221;full&#8221;][vc_empty_space][vc_custom_heading text=&#8221;CONTACT&#8221; font_container=&#8221;tag:h2|text_align:left|color:%230a0a0a&#8221; use_theme_fonts=&#8221;yes&#8221;][vc_empty_space][vc_column_text]<\/p>\n<div class=\"wpb_text_column wpb_content_element \">\n<div class=\"wpb_wrapper\">\n<p><span aria-label=\"+90 212 322 00 32 Numaral\u0131 Telefonu Ara\">+90 212 322\u00a0<\/span><span aria-label=\"+90 212 322 00 32 Numaral\u0131 Telefonu Ara\">00<\/span><span aria-label=\"+90 212 322 00 32 Numaral\u0131 Telefonu Ara\">\u00a032<\/span><\/p>\n<p>\u2013<\/p>\n<p><a href=\"mailto:gokturk@tmhairdesign.com\">gokturk@tmhairdesign.com<\/a><\/p>\n<p>G\u00f6kt\u00fcrk Merkez Mah. \u0130stanbul Cad. Beyaz Konaklar Sitesi, No: 48\/A Ey\u00fcpsultan \/ \u0130STANBUL<\/p>\n<\/div>\n<\/div>\n<p>[\/vc_column_text][vc_empty_space][vc_separator][vc_empty_space][\/vc_column][vc_column width=&#8221;1\/2&#8243;][vc_single_image image=&#8221;4764&#8243; img_size=&#8221;full&#8221;][vc_empty_space][vc_custom_heading text=&#8221;<strong>TM<\/strong> SERVICES MENU&#8221; font_container=&#8221;tag:h2|text_align:left|color:%230a0a0a&#8221; use_theme_fonts=&#8221;yes&#8221;][vc_empty_space][lab_button title=&#8221;DISCOVER&#8221; type=&#8221;outlined-bg&#8221; button_bg=&#8221;btn-black&#8221; link=&#8221;url:https%3A%2F%2Ftmhairdesign.com%2Fen%2Fthe-most-price-list%2F|||&#8221;][vc_empty_space][\/vc_column][\/vc_row]<\/p>\n","protected":false},"excerpt":{"rendered":"<p>[vc_row][vc_column][vc_empty_space][vc_custom_heading text=&#8221;TM G\u00d6KT\u00dcRK&#8221; font_container=&#8221;tag:h2|text_align:center|color:%232b2b2b&#8221; use_theme_fonts=&#8221;yes&#8221;][vc_empty_space][vc_separator][\/vc_column][\/vc_row][vc_row disable_element=&#8221;yes&#8221;][vc_column width=&#8221;1\/4&#8243;][vc_empty_space][vc_single_image image=&#8221;5004&#8243; img_size=&#8221;medium&#8221; alignment=&#8221;center&#8221;][vc_column_text] \u00c7a\u011flar Yurga Sa\u00e7 Sanat\u00e7\u0131s\u0131 \/ TM \u0130zmir Bostanl\u0131 Sorumlusu [\/vc_column_text][vc_icon type=&#8221;fontawesome&#8221; icon_fontawesome=&#8221;fa fa-instagram&#8221; size=&#8221;sm&#8221; align=&#8221;center&#8221; link=&#8221;url:https%3A%2F%2Fwww.instagram.com%2Fcaglaryurgaofficial%2F||target:%20_blank|&#8221;][vc_empty_space][\/vc_column][vc_column width=&#8221;1\/4&#8243;][\/vc_column][vc_column width=&#8221;1\/4&#8243;][\/vc_column][vc_column width=&#8221;1\/4&#8243;][\/vc_column][\/vc_row][vc_row][vc_column width=&#8221;1\/2&#8243;][vc_single_image image=&#8221;5310&#8243; img_size=&#8221;full&#8221;][vc_empty_space][vc_custom_heading text=&#8221;CONTACT&#8221; font_container=&#8221;tag:h2|text_align:left|color:%230a0a0a&#8221; use_theme_fonts=&#8221;yes&#8221;][vc_empty_space][vc_column_text] +90 212 322\u00a000\u00a032 \u2013 gokturk@tmhairdesign.com G\u00f6kt\u00fcrk Merkez Mah. \u0130stanbul Cad. Beyaz Konaklar Sitesi, No: 48\/A Ey\u00fcpsultan \/ \u0130STANBUL [\/vc_column_text][vc_empty_space][vc_separator][vc_empty_space][\/vc_column][vc_column width=&#8221;1\/2&#8243;][vc_single_image&hellip;<\/p>\n","protected":false},"author":1,"featured_media":0,"parent":0,"menu_order":0,"comment_status":"closed","ping_status":"closed","template":"","meta":{"footnotes":"","_joinchat":[]},"_links":{"self":[{"href":"https:\/\/tmhairdesign.com\/en\/wp-json\/wp\/v2\/pages\/5350\/"}],"collection":[{"href":"https:\/\/tmhairdesign.com\/en\/wp-json\/wp\/v2\/pages\/"}],"about":[{"href":"https:\/\/tmhairdesign.com\/en\/wp-json\/wp\/v2\/types\/page\/"}],"author":[{"embeddable":true,"href":"https:\/\/tmhairdesign.com\/en\/wp-json\/wp\/v2\/users\/1\/"}],"replies":[{"embeddable":true,"href":"https:\/\/tmhairdesign.com\/en\/wp-json\/wp\/v2\/comments\/?post=5350"}],"version-history":[{"count":2,"href":"https:\/\/tmhairdesign.com\/en\/wp-json\/wp\/v2\/pages\/5350\/revisions\/"}],"predecessor-version":[{"id":5352,"href":"https:\/\/tmhairdesign.com\/en\/wp-json\/wp\/v2\/pages\/5350\/revisions\/5352\/"}],"wp:attachment":[{"href":"https:\/\/tmhairdesign.com\/en\/wp-json\/wp\/v2\/media\/?parent=5350"}],"curies":[{"name":"wp","href":"https:\/\/api.w.org\/{rel}","templated":true}]}}