{"id":5929,"date":"2025-07-30T13:19:52","date_gmt":"2025-07-30T13:19:52","guid":{"rendered":"https:\/\/tmhairdesign.com\/?page_id=5929"},"modified":"2025-08-17T18:14:59","modified_gmt":"2025-08-17T18:14:59","slug":"tm-maslak","status":"publish","type":"page","link":"https:\/\/tmhairdesign.com\/en\/tm-maslak\/","title":{"rendered":"TM Maslak"},"content":{"rendered":"<p>[vc_row][vc_column][vc_empty_space][vc_custom_heading text=&#8221;<strong>TM<\/strong> MASLAK&#8221; font_container=&#8221;tag:h2|text_align:left|color:%23000000&#8243; use_theme_fonts=&#8221;yes&#8221;][vc_empty_space][vc_separator][\/vc_column][\/vc_row][vc_row][vc_column width=&#8221;1\/4&#8243;][vc_empty_space][vc_single_image image=&#8221;5937&#8243; img_size=&#8221;medium&#8221; alignment=&#8221;center&#8221;][vc_column_text]<\/p>\n<p style=\"text-align: center;\"><strong>Hasan Ta\u015fs\u0131n<\/strong><em><br \/>\nHair Stylist \/ Manager of TM Florya<br \/>\n<\/em><\/p>\n<p>[\/vc_column_text]<\/p>\n<p>[vc_icon type=&#8221;fontawesome&#8221; icon_fontawesome=&#8221;fa fa-instagram&#8221; align=&#8221;center&#8221; link=&#8221;url:https%3A%2F%2Fwww.instagram.com%2Fhasantassinofficial%2F||target:%20_blank|&#8221;][vc_empty_space][vc_separator][\/vc_column][\/vc_row][vc_row][vc_column width=&#8221;1\/2&#8243;][vc_single_image image=&#8221;5944&#8243; img_size=&#8221;full&#8221;][vc_empty_space][vc_custom_heading text=&#8221;CONTACT&#8221; font_container=&#8221;tag:h2|text_align:left|color:%230a0a0a&#8221; use_theme_fonts=&#8221;yes&#8221;][vc_empty_space][vc_column_text]<\/p>\n<p><span style=\"font-size: revert;\">+90 <\/span>212 830 55 67<\/p>\n<p><span style=\"font-size: revert;\">+90 <span aria-label=\"0534 610 69 35 Numaral\u0131 Telefonu Ara\">534 610 69 35<\/span><\/span><\/p>\n<div class=\"page\" title=\"Page 1\">\n<div class=\"layoutArea\">\n<div class=\"column\">\n<p><span style=\"font-size: revert;\">Maslak Mah. Eski B\u00fcy\u00fckdere Cd. Orjin Maslak \u0130\u015f Merkezi Sitesi No: 27 \u0130\u00e7 Kap\u0131 No: 11 Sar\u0131yer \/ \u0130stanbul<\/span><\/p>\n<\/div>\n<\/div>\n<\/div>\n<p>[\/vc_column_text][vc_empty_space][vc_separator][\/vc_column][vc_column width=&#8221;1\/2&#8243;][vc_single_image image=&#8221;4770&#8243; img_size=&#8221;full&#8221;][vc_empty_space][vc_custom_heading text=&#8221;<strong>TM<\/strong> SERVICES MENU&#8221; font_container=&#8221;tag:h2|text_align:left|color:%230a0a0a&#8221; use_theme_fonts=&#8221;yes&#8221;][vc_empty_space][lab_button title=&#8221;DISCOVER&#8221; type=&#8221;outlined-bg&#8221; button_bg=&#8221;btn-black&#8221; link=&#8221;url:https%3A%2F%2Ftmhairdesign.com%2Fen%2Fthe-most-price-list%2F|||&#8221;][vc_empty_space][\/vc_column][\/vc_row]<\/p>\n","protected":false},"excerpt":{"rendered":"<p>[vc_row][vc_column][vc_empty_space][vc_custom_heading text=&#8221;TM MASLAK&#8221; font_container=&#8221;tag:h2|text_align:left|color:%23000000&#8243; use_theme_fonts=&#8221;yes&#8221;][vc_empty_space][vc_separator][\/vc_column][\/vc_row][vc_row][vc_column width=&#8221;1\/4&#8243;][vc_empty_space][vc_single_image image=&#8221;5937&#8243; img_size=&#8221;medium&#8221; alignment=&#8221;center&#8221;][vc_column_text] Hasan Ta\u015fs\u0131n Hair Stylist \/ Manager of TM Florya [\/vc_column_text] [vc_icon type=&#8221;fontawesome&#8221; icon_fontawesome=&#8221;fa fa-instagram&#8221; align=&#8221;center&#8221; link=&#8221;url:https%3A%2F%2Fwww.instagram.com%2Fhasantassinofficial%2F||target:%20_blank|&#8221;][vc_empty_space][vc_separator][\/vc_column][\/vc_row][vc_row][vc_column width=&#8221;1\/2&#8243;][vc_single_image image=&#8221;5944&#8243; img_size=&#8221;full&#8221;][vc_empty_space][vc_custom_heading text=&#8221;CONTACT&#8221; font_container=&#8221;tag:h2|text_align:left|color:%230a0a0a&#8221; use_theme_fonts=&#8221;yes&#8221;][vc_empty_space][vc_column_text] +90 212 830 55 67 +90 534 610 69 35 Maslak Mah. Eski B\u00fcy\u00fckdere Cd. Orjin Maslak \u0130\u015f Merkezi Sitesi No: 27 \u0130\u00e7 Kap\u0131&hellip;<\/p>\n","protected":false},"author":1,"featured_media":5938,"parent":0,"menu_order":0,"comment_status":"closed","ping_status":"closed","template":"","meta":{"footnotes":"","_joinchat":[]},"_links":{"self":[{"href":"https:\/\/tmhairdesign.com\/en\/wp-json\/wp\/v2\/pages\/5929\/"}],"collection":[{"href":"https:\/\/tmhairdesign.com\/en\/wp-json\/wp\/v2\/pages\/"}],"about":[{"href":"https:\/\/tmhairdesign.com\/en\/wp-json\/wp\/v2\/types\/page\/"}],"author":[{"embeddable":true,"href":"https:\/\/tmhairdesign.com\/en\/wp-json\/wp\/v2\/users\/1\/"}],"replies":[{"embeddable":true,"href":"https:\/\/tmhairdesign.com\/en\/wp-json\/wp\/v2\/comments\/?post=5929"}],"version-history":[{"count":4,"href":"https:\/\/tmhairdesign.com\/en\/wp-json\/wp\/v2\/pages\/5929\/revisions\/"}],"predecessor-version":[{"id":5951,"href":"https:\/\/tmhairdesign.com\/en\/wp-json\/wp\/v2\/pages\/5929\/revisions\/5951\/"}],"wp:featuredmedia":[{"embeddable":true,"href":"https:\/\/tmhairdesign.com\/en\/wp-json\/wp\/v2\/media\/5938\/"}],"wp:attachment":[{"href":"https:\/\/tmhairdesign.com\/en\/wp-json\/wp\/v2\/media\/?parent=5929"}],"curies":[{"name":"wp","href":"https:\/\/api.w.org\/{rel}","templated":true}]}}